{"id":19,"date":"2018-06-11T21:31:54","date_gmt":"2018-06-11T19:31:54","guid":{"rendered":"https:\/\/isarautoren.de\/?page_id=19"},"modified":"2024-08-09T12:04:08","modified_gmt":"2024-08-09T10:04:08","slug":"impressum","status":"publish","type":"page","link":"https:\/\/isarautoren.de\/index.php\/impressum\/","title":{"rendered":"Impressum"},"content":{"rendered":"<div id=\"page\" class=\"hfeed site grid-container container grid-parent\">\n<div id=\"content\" class=\"site-content\">\n<div id=\"primary\" class=\"content-area grid-parent mobile-grid-100 grid-75 tablet-grid-75\">\n<article id=\"post-29\" class=\"post-29 page type-page status-publish\">\n<div class=\"inside-article\">\n<div class=\"entry-content\">\n<p>Diese Website wird betrieben von den Isarautoren. Die Isarautoren sind ein freier Zusammenschluss von professionellen Kinder- und Jugendbuchschreibenden in und um M\u00fcnchen. Interessierte, die Mitglied werden wollen, sollten mindestens zwei noch erh\u00e4ltliche B\u00fccher in einem Publikumsverlag ver\u00f6ffentlicht haben. Als Anhaltspunkt dient hier die Verlagsdatenbank des AVJ (<a href=\"https:\/\/deref-gmx.net\/mail\/client\/zUB2aEAwejU\/dereferrer\/?redirectUrl=http%3A%2F%2Fwww.avj-online.de%2Fmitglieder%2Fmitgliedsverlage%2F\">http:\/\/www.avj-online.de\/mitglieder\/mitgliedsverlage\/<\/a>).<\/p>\n<div>\n<p>Um den vertraulichen und professionellen Austausch innerhalb der Gruppe zu gew\u00e4hrleisten, k\u00f6nnen wir nicht unbegrenzt wachsen und behalten uns eine Nicht-Aufnahme vor. Neue Mitglieder k\u00f6nnen, sofern wir einen Platz freihaben, zweimal im Jahr (jeweils zum Mai \/November) beitreten.<\/p>\n<p>Verantwortlich f\u00fcr den Inhalt der Webseite: Anja Janotta, Wolf-Huber-Str. 1, 84453 M\u00fchldorf, www.anja-janotta.de<\/p>\n<p>Kontakt (auch f\u00fcr potenzielle Neuzug\u00e4nge): info@isarautoren.de<\/p>\n<div>\n<\/div>\n<\/div>\n<p><strong>Datenschutz<\/strong><br \/>\nDie Betreiber dieser Seiten nehmen den Schutz Ihrer pers\u00f6nlichen Daten sehr ernst. Wir behandeln Ihre personenbezogenen Daten vertraulich und entsprechend der gesetzlichen Datenschutzvorschriften sowie dieser Datenschutzerkl\u00e4rung. Die Nutzung unserer Website ist in der Regel ohne Angabe personenbezogener Daten m\u00f6glich. Soweit auf unseren Seiten personenbezogene Daten (beispielsweise Name, Anschrift oder E-Mail-Adressen) erhoben werden, erfolgt dies, soweit m\u00f6glich, stets auf freiwilliger Basis. Diese Daten werden ohne Ihre ausdr\u00fcckliche Zustimmung nicht an Dritte weitergegeben. Wir weisen darauf hin, dass die Daten\u00fcbertragung im Internet (z.B. bei der Kommunikation per E-Mail) Sicherheitsl\u00fccken aufweisen kann. Ein l\u00fcckenloser Schutz der Daten vor dem Zugriff durch Dritte ist nicht m\u00f6glich.<\/p>\n<p><strong>Kontaktformular<\/strong><br \/>\nWenn Sie uns per Kontaktformular Anfragen zukommen lassen, werden Ihre Angaben aus dem Anfrageformular inklusive der von Ihnen dort angegebenen Kontaktdaten zwecks Bearbeitung der Anfrage und f\u00fcr den Fall von Anschlussfragen bei uns gespeichert. Diese Daten geben wir nicht ohne Ihre Einwilligung weiter.<\/p>\n<p><strong>Zugriffsdaten<\/strong><\/p>\n<div>Der Websitebetreiber bzw. Seitenprovider erhebt Daten \u00fcber Zugriffe auf die Seite und speichert diese als \u201eServer-Logfiles\u201c ab. Folgende Daten werden so protokolliert:<\/div>\n<div>\u2013 Besuchte Website<\/div>\n<div>\u2013 Uhrzeit zum Zeitpunkt des Zugriffes<\/div>\n<div>\u2013 Menge der gesendeten Daten in Byte<\/div>\n<div>\u2013 Quelle\/Verweis, von welchem Sie auf die Seite gelangten<\/div>\n<div>\u2013 Verwendeter Browser<\/div>\n<div>\u2013 Verwendetes Betriebssystem<\/div>\n<div>\u2013 Verwendete IP-Adresse<\/div>\n<div>Die erhobenen Daten dienen lediglich statistischen Auswertungen und zur Verbesserung der Website. Der Websitebetreiber beh\u00e4lt sich allerdings vor, die Server-Logfiles nachtr\u00e4glich zu \u00fcberpr\u00fcfen, sollten konkrete Anhaltspunkte auf eine rechtswidrige Nutzung hinweisen.<\/div>\n<div><\/div>\n<div><strong>Cookies<\/strong><\/div>\n<div>\n<div>Diese Website verwendet Cookies. Dabei handelt es sich um kleine Textdateien, welche auf Ihrem Endger\u00e4t gespeichert werden. Ihr Browser greift auf diese Dateien zu. Durch den Einsatz von Cookies erh\u00f6ht sich die Benutzerfreundlichkeit und Sicherheit dieser Website.<\/div>\n<\/div>\n<div><\/div>\n<div>\n<div>G\u00e4ngige Browser bieten die Einstellungsoption, Cookies nicht zuzulassen. Hinweis: Es ist nicht gew\u00e4hrleistet, dass Sie auf alle Funktionen dieser Website ohne Einschr\u00e4nkungen zugreifen k\u00f6nnen, wenn Sie entsprechende Einstellungen vornehmen.<\/div>\n<div><\/div>\n<div><strong>Facebook-Plugins (Like-Button)<\/strong><\/div>\n<\/div>\n<p>Auf unseren Seiten sind Plugins des sozialen Netzwerks Facebook, Anbieter Facebook Inc., 1 Hacker Way, Menlo Park, California 94025, USA, integriert. Die Facebook-Plugins erkennen Sie an dem Facebook-Logo oder dem \u201eLike-Button\u201c (\u201eGef\u00e4llt mir\u201c) auf unserer Seite. Eine \u00dcbersicht \u00fcber die Facebook-Plugins finden Sie hier: <a href=\"https:\/\/developers.facebook.com\/docs\/plugins\/\">https:\/\/developers.facebook.com\/docs\/plugins\/<\/a>.<br \/>\nWenn Sie unsere Seiten besuchen, wird \u00fcber das Plugin eine direkte Verbindung zwischen Ihrem Browser und dem Facebook-Server hergestellt. Facebook erh\u00e4lt dadurch die Information, dass Sie mit Ihrer IP-Adresse unsere Seite besucht haben. Wenn Sie den Facebook \u201eLike-Button\u201c anklicken w\u00e4hrend Sie in Ihrem Facebook-Account eingeloggt sind, k\u00f6nnen Sie die Inhalte unserer Seiten auf Ihrem Facebook-Profil verlinken. Dadurch kann Facebook den Besuch unserer Seiten Ihrem Benutzerkonto zuordnen. Wir weisen darauf hin, dass wir als Anbieter der Seiten keine Kenntnis vom Inhalt der \u00fcbermittelten Daten sowie deren Nutzung durch Facebook erhalten. Weitere Informationen hierzu finden Sie in der Datenschutzerkl\u00e4rung von Facebook unter <a href=\"https:\/\/de-de.facebook.com\/policy.php\">https:\/\/de-de.facebook.com\/policy.php<\/a>.<br \/>\nWenn Sie nicht w\u00fcnschen, dass Facebook den Besuch unserer Seiten Ihrem Facebook-Nutzerkonto zuordnen kann, loggen Sie sich bitte aus Ihrem Facebook-Benutzerkonto aus.<\/p>\n<p><strong>Twitter<\/strong><br \/>\nAuf unseren Seiten sind Funktionen des Dienstes Twitter eingebunden. Diese Funktionen werden angeboten durch die Twitter Inc., 1355 Market Street, Suite 900, San Francisco, CA 94103, USA. Durch das Benutzen von Twitter und der Funktion \u201eRe-Tweet\u201c werden die von Ihnen besuchten Websites mit Ihrem Twitter-Account verkn\u00fcpft und anderen Nutzern bekannt gegeben. Dabei werden auch Daten an Twitter \u00fcbertragen. Wir weisen darauf hin, dass wir als Anbieter der Seiten keine Kenntnis vom Inhalt der \u00fcbermittelten Daten sowie deren Nutzung durch Twitter erhalten. Weitere Informationen hierzu finden Sie in der Datenschutzerkl\u00e4rung von Twitter unter <a href=\"https:\/\/twitter.com\/privacy\">https:\/\/twitter.com\/privacy<\/a>.<br \/>\nIhre Datenschutzeinstellungen bei Twitter k\u00f6nnen Sie in den Konto-Einstellungen unter:<br \/>\n<a href=\"https:\/\/twitter.com\/account\/settings\">https:\/\/twitter.com\/account\/settings<\/a> \u00e4ndern.<\/p>\n<p><strong>Google+<\/strong><br \/>\nUnsere Seiten nutzen Funktionen von Google+. Anbieter ist die Google Inc., 1600 Amphitheatre Parkway Mountain View, CA 94043, USA.<br \/>\nErfassung und Weitergabe von Informationen: Mithilfe der Google+-Schaltfl\u00e4che k\u00f6nnen Sie Informationen weltweit ver\u00f6ffentlichen. \u00dcber die Google+-Schaltfl\u00e4che erhalten Sie und andere Nutzer personalisierte Inhalte von Google und unseren Partnern. Google speichert sowohl die Information, dass Sie f\u00fcr einen Inhalt +1 gegeben haben, als auch Informationen \u00fcber die Seite, die Sie beim Klicken auf +1 angesehen haben. Ihre +1 k\u00f6nnen als Hinweise zusammen mit Ihrem Profilnamen und Ihrem Foto in Google-Diensten, wie etwa in Suchergebnissen oder in Ihrem Google-Profil, oder an anderen Stellen auf Websites und Anzeigen im Internet eingeblendet werden.<br \/>\nGoogle zeichnet Informationen \u00fcber Ihre +1-Aktivit\u00e4ten auf, um die Google-Dienste f\u00fcr Sie und andere zu verbessern. Um die Google+-Schaltfl\u00e4che verwenden zu k\u00f6nnen, ben\u00f6tigen Sie ein weltweit sichtbares, \u00f6ffentliches Google-Profil, das zumindest den f\u00fcr das Profil gew\u00e4hlten Namen enthalten muss. Dieser Name wird in allen Google-Diensten verwendet. In manchen F\u00e4llen kann dieser Name auch einen anderen Namen ersetzen, den Sie beim Teilen von Inhalten \u00fcber Ihr Google-Konto verwendet haben. Die Identit\u00e4t Ihres Google-Profils kann Nutzern angezeigt werden, die Ihre E-Mail-Adresse kennen oder \u00fcber andere identifizierende Informationen von Ihnen verf\u00fcgen. Verwendung der erfassten Informationen: Neben den oben erl\u00e4uterten Verwendungszwecken werden die von Ihnen bereitgestellten Informationen gem\u00e4\u00df den geltenden Google-Datenschutzbestimmungen genutzt. Google ver\u00f6ffentlicht m\u00f6glicherweise zusammengefasste Statistiken \u00fcber die +1-Aktivit\u00e4ten der Nutzer bzw. gibt diese an Nutzer und Partner weiter, wie etwa Publisher, Inserenten oder verbundene Websites.<\/p>\n<p><strong>Instagram<\/strong><br \/>\nAuf unseren Seiten sind Funktionen des Dienstes Instagram eingebunden. Diese Funktionen werden angeboten durch die Instagram Inc., 1601 Willow Road, Menlo Park, CA, 94025, USA integriert. Wenn Sie in Ihrem Instagram-Account eingeloggt sind k\u00f6nnen Sie durch Anklicken des Instagram-Buttons die Inhalte unserer Seiten mit Ihrem Instagram-Profil verlinken. Dadurch kann Instagram den Besuch unserer Seiten Ihrem Benutzerkonto zuordnen. Wir weisen darauf hin, dass wir als Anbieter der Seiten keine Kenntnis vom Inhalt der \u00fcbermittelten Daten sowie deren Nutzung durch Instagram erhalten. Weitere Informationen hierzu finden Sie in der Datenschutzerkl\u00e4rung von Instagram: <a href=\"https:\/\/instagram.com\/about\/legal\/privacy\/\">https:\/\/instagram.com\/about\/legal\/privacy\/<\/a><\/p>\n<p><strong>YouTube<\/strong><br \/>\nUnsere Website nutzt Plugins der von Google betriebenen Seite YouTube. Betreiber der Seiten ist die YouTube, LLC, 901 Cherry Ave., San Bruno, CA 94066, USA. Wenn Sie eine unserer mit einem YouTube-Plugin ausgestatteten Seiten besuchen, wird eine Verbindung zu den Servern von YouTube hergestellt. Dabei wird dem Youtube-Server mitgeteilt, welche unserer Seiten Sie besucht haben. Wenn Sie in Ihrem YouTube-Account eingeloggt sind erm\u00f6glichen Sie YouTube, Ihr Surfverhalten direkt Ihrem pers\u00f6nlichen Profil zuzuordnen. Dies k\u00f6nnen Sie verhindern, indem Sie sich aus Ihrem YouTube- Account ausloggen. Weitere Informationen zum Umgang von Nutzerdaten finden Sie in der Datenschutzerkl\u00e4rung von YouTube unter: <a href=\"https:\/\/www.google.de\/intl\/de\/policies\/privacy\">https:\/\/www.google.de\/intl\/de\/policies\/privacy<\/a><\/p>\n<h3>Newsletter<\/h3>\n<p>Wird unser Newsletter abonniert, so werden die Daten in der jeweiligen Eingabemaske an den f\u00fcr die Verarbeitung Verantwortlichen \u00fcbermittelt. Eine Weitergabe der Daten an Dritte erfolgt nicht. Eine Ausnahme besteht dann, wenn eine gesetzliche Verpflichtung zur Weitergabe besteht. Die Daten werden ausschlie\u00dflich f\u00fcr den Versand des Newsletters verwendet. Das Abonnement des Newsletters kann durch die betroffene Person jederzeit gek\u00fcndigt werden. Ebenso kann die Einwilligung in die Speicherung der personenbezogenen Daten jederzeit widerrufen werden. Zu diesem Zweck findet sich in jedem Newsletter ein entsprechender Link. Rechtsgrundlage f\u00fcr die Verarbeitung der Daten nach Anmeldung zum Newsletter durch den Nutzer ist bei Vorliegen einer Einwilligung des Nutzers Art. 6 Abs. 1 lit. a) DSGVO. Rechtsgrundlage f\u00fcr den Versand des Newsletters infolge des Verkaufs von Waren oder Dienstleistungen ist \u00a7 7 Abs. 3 UWG.<\/p>\n<p>Wir nutzen Sendinblue f\u00fcr den Versand von Newslettern. Der Anbieter ist die <span id=\"page452R_mcid8\" class=\"markedContent\"><span dir=\"ltr\" role=\"presentation\">Sendinblue GmbH <\/span><\/span><span id=\"page452R_mcid9\" class=\"markedContent\"><span dir=\"ltr\" role=\"presentation\">K\u00f6penicker Str. 126, 10179 Berlin<\/span><\/span>, Deutschland. Mit Sendinblue wird u.a. der Versand von Newslettern organisiert und analysiert. Die von Ihnen f\u00fcr den Zweck des Newsletterbezugs eingegeben Daten werden auf den Servern von Sendinblue in Deutschland gespeichert. Wenn Sie keine Analyse durch Sendinblue m\u00f6chten, m\u00fcssen Sie den Newsletter abbestellen. Hierf\u00fcr stellen wir in jeder Newsletternachricht einen entsprechenden Link zur Verf\u00fcgung.<\/p>\n<p><em><strong>Rechtsgrundlage:<\/strong><\/em> Die Rechtsgrundlage f\u00fcr die Datenverarbeitung ist Art. 6 Abs. 1 lit. a) DSGVO.<\/p>\n<p><em><strong>Empf\u00e4nger: <\/strong><\/em>Empf\u00e4nger der Daten ist die <span id=\"page452R_mcid8\" class=\"markedContent\"><span dir=\"ltr\" role=\"presentation\">Sendinblue GmbH<\/span><\/span><\/p>\n<p><strong><em>\u00dcbermittlung an Drittstaaten:<\/em> <\/strong>Eine \u00dcbermittlung der Daten in Drittstaaten findet nicht statt.<\/p>\n<p><em><strong>Dauer:<\/strong><\/em> Die Ihrerseits im Rahmen der Einwilligung f\u00fcr den Zweck des Newsletters bei uns gespeicherten Daten werden von uns bis zu Ihrer Austragung aus dem Newsletter gespeichert und nach der Abbestellung des Newsletters sowohl von unseren Servern als auch von den Servern von Sendinblue gel\u00f6scht. Daten, die zu anderen Zwecken bei uns gespeichert wurden bleiben hiervon unber\u00fchrt.<\/p>\n<p><em><strong>Widerrufsm\u00f6glichkeit:<\/strong><\/em> Sie haben die M\u00f6glichkeit, Ihre Einwilligung zur Datenverarbeitung mit Wirkung f\u00fcr die Zukunft jederzeit zu widerrufen. Die Rechtm\u00e4\u00dfigkeit der bereits erfolgten Datenverarbeitungsvorg\u00e4nge bleibt vom Widerruf unber\u00fchrt.<\/p>\n<p><strong>Kommentarfunktion auf dieser Website<\/strong><br \/>\nF\u00fcr die Kommentarfunktion auf dieser Seite werden neben Ihrem Kommentar auch Angaben zum Zeitpunkt der Erstellung des Kommentars, Ihre E-Mail-Adresse und, wenn Sie nicht anonym posten, der von Ihnen gew\u00e4hlte Nutzername gespeichert.<\/p>\n<p><strong>Recht auf Auskunft, L\u00f6schung, Sperrung<\/strong><br \/>\nSie haben jederzeit das Recht auf unentgeltliche Auskunft \u00fcber Ihre gespeicherten personenbezogenen Daten, deren Herkunft und Empf\u00e4nger und den Zweck der Datenverarbeitung sowie ein Recht auf Berichtigung, Sperrung oder L\u00f6schung dieser Daten. Hierzu sowie zu weiteren Fragen zum Thema personenbezogene Daten k\u00f6nnen Sie sich jederzeit unter der im Impressum angegebenen Adresse an uns wenden.<\/p>\n<p><strong>Widerspruch Werbe-Mails<\/strong><br \/>\nDer Nutzung von im Rahmen der Impressumspflicht ver\u00f6ffentlichten Kontaktdaten zur \u00dcbersendung von nicht ausdr\u00fccklich angeforderter Werbung und Informationsmaterialien wird hiermit widersprochen. Die Betreiber der Seiten behalten sich ausdr\u00fccklich rechtliche Schritte im Falle der unverlangten Zusendung von Werbeinformationen, etwa durch Spam-E-Mails, vor.<\/p>\n<p>Quelle: <a href=\"https:\/\/www.datenschutz.org\/datenschutzerklaerung-muster.pdf\">datenschutz.org<\/a> und <a href=\"http:\/\/www.e-recht24.de\">e-recht24.de <\/a><\/p>\n<\/div>\n<\/div>\n<\/article>\n<\/div>\n<div id=\"right-sidebar\" class=\"widget-area grid-25 tablet-grid-25 grid-parent sidebar\" role=\"complementary\">\n<div class=\"inside-right-sidebar\"><\/div>\n<\/div>\n<\/div>\n<\/div>\n<div class=\"site-footer  \">\n<footer class=\"site-info\">\n<div class=\"inside-site-info grid-container grid-parent\">\n<div class=\"copyright-bar\"><\/div>\n<\/div>\n<\/footer>\n<\/div>\n","protected":false},"excerpt":{"rendered":"<p>Diese Website wird betrieben von den Isarautoren. Die Isarautoren sind ein freier Zusammenschluss von professionellen Kinder- und Jugendbuchschreibenden in und um M\u00fcnchen. Interessierte, die Mitglied werden wollen, sollten mindestens zwei noch erh\u00e4ltliche B\u00fccher in einem &hellip;<\/p>\n","protected":false},"author":1,"featured_media":0,"parent":0,"menu_order":0,"comment_status":"closed","ping_status":"closed","template":"","meta":[],"_links":{"self":[{"href":"https:\/\/isarautoren.de\/index.php\/wp-json\/wp\/v2\/pages\/19"}],"collection":[{"href":"https:\/\/isarautoren.de\/index.php\/wp-json\/wp\/v2\/pages"}],"about":[{"href":"https:\/\/isarautoren.de\/index.php\/wp-json\/wp\/v2\/types\/page"}],"author":[{"embeddable":true,"href":"https:\/\/isarautoren.de\/index.php\/wp-json\/wp\/v2\/users\/1"}],"replies":[{"embeddable":true,"href":"https:\/\/isarautoren.de\/index.php\/wp-json\/wp\/v2\/comments?post=19"}],"version-history":[{"count":6,"href":"https:\/\/isarautoren.de\/index.php\/wp-json\/wp\/v2\/pages\/19\/revisions"}],"predecessor-version":[{"id":1169,"href":"https:\/\/isarautoren.de\/index.php\/wp-json\/wp\/v2\/pages\/19\/revisions\/1169"}],"wp:attachment":[{"href":"https:\/\/isarautoren.de\/index.php\/wp-json\/wp\/v2\/media?parent=19"}],"curies":[{"name":"wp","href":"https:\/\/api.w.org\/{rel}","templated":true}]}}