{"id":436,"date":"2021-04-23T12:21:00","date_gmt":"2021-04-23T10:21:00","guid":{"rendered":"https:\/\/isarautoren.de\/?page_id=436"},"modified":"2022-09-30T21:51:36","modified_gmt":"2022-09-30T19:51:36","slug":"podcast-buchstabensuppe","status":"publish","type":"page","link":"https:\/\/isarautoren.de\/index.php\/podcast-buchstabensuppe\/","title":{"rendered":"Podcast: Buchstabensuppe"},"content":{"rendered":"\n<figure class=\"wp-block-image size-large is-resized\"><img decoding=\"async\" loading=\"lazy\" src=\"https:\/\/isarautoren.de\/wp-content\/uploads\/2021\/04\/logo_buchstabensuppe_podcast.jpeg\" alt=\"\" class=\"wp-image-437\" width=\"379\" height=\"379\"\/><figcaption>Die Isarautorinnen und Isarautoren haben einen Podcast.<\/figcaption><\/figure>\n\n\n\n<p>In diesem Podcast sprechen wir Isarautoren \u00fcber B\u00fcchermenschen, Kinderb\u00fccher, Jugendb\u00fccher, das Schreiben, die Ideen, Worte, Verlage, Lesen und Vorlesen. Und wir wollen nat\u00fcrlich ganz viel wissen, \u00fcber die Menschen, die da mit uns die Suppe ausl\u00f6ffeln. Wir w\u00fcnschen viel Spa\u00df und guten Appetit. Zu h\u00f6ren ist der Podcast \u00fcberall dort, wo man gew\u00f6hnlicherweise Podcasts findet. <\/p>\n\n\n\n<p>Mal reinh\u00f6ren? Hier zum Beispiel bei <strong>Open Spotify<\/strong>: <a class=\"\" href=\"https:\/\/open.spotify.com\/show\/1DlxH0a3mxiaj2LoHDdlSD\">https:\/\/open.spotify.com\/show\/1DlxH0a3mxiaj2LoHDdlSD<\/a><\/p>\n\n\n\n<p>In der <a href=\"https:\/\/open.spotify.com\/episode\/2hHhhcM6xqAOZjy0zfzbZm\">ersten Ausgabe von &#8222;Buchstabensuppe&#8220;<\/a> sprechen <strong>Meike Hass<\/strong> und <strong>Silke Wolfrum<\/strong> \u00fcber Feen in der Grundschulklasse. Meike hat gerade n\u00e4mlich ganz nahe Recherchen betrieben &#8211; sie hat selbst als Grundschullehrerin gearbeitet. Und Meike mag gerne heile und ein bisschen unrealistische Welten. &#8222;Schlechte Enden in Kinderb\u00fccher geh\u00f6ren verboten&#8220;, sagt sie. &#8222;Und ich mag an Kinderb\u00fcchern, dass man einfach was behaupten kann.&#8220;<\/p>\n\n\n\n<p>In <a href=\"https:\/\/open.spotify.com\/episode\/3pITokZpCrRFt4XJm4mUIz\">Folge 2<\/a> reden <strong>Tanja  Mairhofer<\/strong> und <strong>Sabine Bohlmann <\/strong>\u00fcber pieselnde Einh\u00f6rner und \u00fcber Tanjas Karriere, die sie auch zum Schreiben gebracht hat, aber auch ins Ensemble des &#8222;Marienhof&#8220; und zur &#8222;Sendung mit dem Elefanten&#8220;. Als begeisterte Yoga-Expertin hat sie auch dar\u00fcber ein Buch geschrieben: &#8222;Yoga-Quatsch  Kids&#8220;. Und genau da gibt es die Figur des pieselnden Einhorns.<\/p>\n\n\n\n<p>In <a href=\"https:\/\/open.spotify.com\/episode\/5XggajtRRdoL6yIyVa8Azc?fbclid=IwAR2wTbpkX8h6z-qeqBm0MkE6RJ8-u1IAcvoqpVd9MlkQDdWM-4QtZxWzdX8\">Folge 3<\/a> reden <strong>Margit Ruile<\/strong> und <strong>Anja Janotta<\/strong> \u00fcber Margits Buch &#8222;Der Zwillingscode&#8220; und dar\u00fcber, warum mal als Optimistin die besseren Dystopien verfasst. Margit kommt eigentlich vom Film und schreibt sehr szenische, bildgewaltige Geschichten. Dabei ist sie nicht nur Autorin, sondern auch Regisseurin, Location-Scout und vor allem gnadenlose Cutterin ihrer Storys.<\/p>\n\n\n\n<p>In <a href=\"https:\/\/open.spotify.com\/episode\/6Pvzyytompu3QdTE9IUK1L\">Folge 4<\/a> reden <strong>Heike Nieder<\/strong> und <strong>Juliane Breinl<\/strong> \u00fcber Heikes Lyrikbrause, die 2017 online ging. nzwischen findet man ihre Lyrik in zahlreichen B\u00fcchern, Zeitungen und Zeitschriften. Im Podcast gibt sie Einblicke in ihre Arbeitsweise und verr\u00e4t, was gute Lyrik f\u00fcr sie ausmacht. Wenn sie gerade nicht dichtet, bringt sie die S\u00fcddeutsche Zeitung aufs Tablet oder braust mit ihren drei Kindern durch den M\u00fcnchner Alltag.<\/p>\n\n\n\n<p><\/p>\n\n\n\n<p>In <a href=\"https:\/\/open.spotify.com\/episode\/5IJrw25s4OIMsO1aN9kwoW\">Folge 5<\/a> interviewt <strong>Tanja Mairhofer<\/strong> unsere Kollegin <strong>Elke Satzger<\/strong>, deren Band &#8222;Finnja Feentochter&#8220; frisch erschienen ist und &#8211; obwohl der Titel es vielleicht vermuten l\u00e4sst &#8211; gar nicht feenrosa und goldig ist. Warum Kinderb\u00fccher Untypisches und auch mal etwas Ernstes wie Scheidung zum Thema haben sollten, erz\u00e4hlt sie hier.<\/p>\n\n\n\n<p>In <a href=\"https:\/\/open.spotify.com\/episode\/3B2D6v5GGNUiHOzZA5jmjB\">Folge 6<\/a> interviewt <strong>Margit Ruile<\/strong> Isarautorin <strong>Anja Janotta<\/strong>, \u00fcber ihren Jugendroman &#8222;Meine Checkliste zum Verlieben&#8220;. Es geht um alle m\u00f6glichen Peinlichkeiten, eigene Schw\u00e4chen und warum man sich manchmal auch einfach selbst zensiert.<\/p>\n\n\n\n<p>In <a href=\"https:\/\/open.spotify.com\/episode\/3dvQPzLF2ed8j5zES2PFeY\">Folge 7<\/a> spricht <strong>Sabine Bohlmann<\/strong> mit <strong>Charlotte Habersack<\/strong>, die in einer st\u00fcrmischen Winternacht in M\u00fcnchen geboren wurde und mal dr\u00fcber nachgedacht hat, ihren Namen zu \u00e4ndern &#8211; aber dann kam noch ein schlimmeres Wort aus den Buchstaben heraus. <\/p>\n\n\n\n<p>In <a href=\"https:\/\/open.spotify.com\/episode\/5rYyXHMmXoYoVzaV0mLniR\">Folge 8<\/a> befragt <strong>Heike Nieder<\/strong> unsere Kollegin <strong>Juliane Breinl<\/strong>, die mit 13 von Ost- nach Westdeutschland kam und, weil ihr das Thema so nah ist, das Buch geschrieben hat: &#8222;Mein Mauerfall&#8220;. Wie sie ihre Erfahrungen auch heute noch pr\u00e4gen und warum sie gern \u00fcber das schreibt, was einen engen Bezug hat. <\/p>\n\n\n\n<p>In <a href=\"https:\/\/open.spotify.com\/episode\/3zySFnjtI7cllrZ8nf8kNJ\">Folge 9<\/a> ist<strong> Sabine Bohlmann<\/strong> im Gespr\u00e4ch mit <strong>Michaela Hanauer<\/strong>, die unz\u00e4hlige Erstleser geschrieben hat und die Erfinderin der Geschichten rund um &#8222;Rulantica&#8220; ist. Rulantica gibt es nicht nur als Buch, sondern auch als Erlebniswelt in einem Erlebnispark. Ein gro\u00dfes Projekt.<\/p>\n\n\n\n<p>In <a href=\"https:\/\/open.spotify.com\/episode\/5p19VZMfp5WuAcjuStc8hj\">Folge 10<\/a> interviewt <strong>Sabrina J. Kirsch<\/strong>ner ihre Kollegin <strong>Wiebke Rhodius<\/strong>. Das passt gut, denn beide schreiben auch liebend gern Pferdegeschichten. &#8222;Greta und Gauner&#8220; hei\u00dft Wiebkes neue Serie bei Thienemann und hat einige sehr lustige Ponystories parat.<\/p>\n\n\n\n<p>In <a href=\"https:\/\/open.spotify.com\/episode\/2CrB44qGCILWK43LZybUPx\">Folge 11<\/a> sprechen <strong>Anja Janotta<\/strong> und <strong>Petra Breuer<\/strong> \u00fcber Petras neuen M\u00fcnchner Museumsf\u00fchrer, der sehr, sehr au\u00dferirdisch ist. aber Petra kennt sich nicht nur mit Futuristischem aus, sondern auch mit dem historischen M\u00fcnchen. Sie schreibt n\u00e4mlich auch B\u00fccher \u00fcber alte Zeiten.<\/p>\n\n\n\n<p>In <a href=\"https:\/\/open.spotify.com\/episode\/4J8A0HssHhwtOw1DkJNdXn\">Folge 12 <\/a>verr\u00e4t <strong>Sabrina J. Kirschner<\/strong> den Zuh\u00f6rern und <strong>Wiebke Rhodius<\/strong> ein kleines Geheimnis:. Ihre &#8222;Unlangweiligste Schule der Welt&#8220; wird verfilmt. Das Gespr\u00e4ch fand mal wieder in der kleinen Sprecherkabine in Sabrinas Schrank statt.<\/p>\n\n\n\n<p><strong>Sabine Bohlmann<\/strong> interviewt in <a href=\"https:\/\/open.spotify.com\/episode\/4O59dnBjnn4buEfDfL2FFh\">Folge 13<\/a> <strong>Nina M\u00fclle<\/strong>r. Nina schreibt nicht nur, sie zeichnet auch die vielen liebenswerten und wundervollen Details ihrer Unterwasserwelt um &#8222;Kuschelflosse&#8220;. Mittlerweile sind schon sieben B\u00e4nde ihrer sympathischen Fische-Reihe erschienen.<\/p>\n\n\n\n<p>Was ist Gl\u00fcck? Das fragt <strong>Meike Haas<\/strong> ihre Nachbarin <strong>Silke Wolfrum<\/strong> in <a href=\"https:\/\/open.spotify.com\/episode\/2rDC3KotOtX08BaOcsPgTt\">Folge 14<\/a>, deren Buch &#8222;Gl\u00fcckskekse im Advent&#8220; gerade frisch erschienen ist. Und wie viel Portionen Gl\u00fcck braucht es eigentlich in einem Kinderbuch? Silke wei\u00df die Antwort.<\/p>\n\n\n\n<p>In <a href=\"https:\/\/open.spotify.com\/episode\/3kjZKGJLmMSqD3Jrt7HxeQ\">Folge 15<\/a> erz\u00e4hlt uns <strong>ChrisTine Ziegler<\/strong> von einem Tier, das kaum jemand kennt: Die Museums-Motte, die alte Gem\u00e4lde anfressen. Tine ist eine echte Kunstkennerin und restauriert K\u00f6nigsm\u00e4ntel und andere Kunstgegenst\u00e4nde. \u00dcber diese zweite k\u00fcnstlerische Berufung plaudert sie mit <strong>Elke Satzger<\/strong>.<\/p>\n\n\n\n<p>In <a href=\"https:\/\/open.spotify.com\/episode\/4aLXR8m68QvRPJEq7MxRDZ\">Folge 16 <\/a>spricht <strong>Sabrina J. Kirschner<\/strong> mit<strong> Silke Schellhammer<\/strong> \u00fcber ihre neue Reihe &#8222;School of Talents&#8220; und dar\u00fcber, warum Kinder heute eigentlich immer mehr einer Norm gerecht werden m\u00fcssen und wann sie auch mal Regeln brechen d\u00fcrfen. <\/p>\n\n\n\n<p>In <a href=\"https:\/\/open.spotify.com\/episode\/4Hkkfmm5XX8XhNSOR31UHn\">Folge 17<\/a> redet <strong>Anja Janotta<\/strong> mit <strong>Birgit Franz<\/strong>, die zwar keine Isarautorin ist, aber eine Freundin und seit 16 Jahren Organisatorin der M\u00fcnchner B\u00fccherschau Junior. Es geht darum, wie man Lesehunger und Buch-Entdeckerfreude weckt, gerade dort, wo von Haus aus nicht so viel gelesen wird.<\/p>\n\n\n\n<p>In <a href=\"https:\/\/open.spotify.com\/episode\/7qzLfl9Fwqy6jypHxpTIHw\">Folge 18<\/a> spricht Silke Wolfrum mit Marion H\u00fcbinger. Sie schreibt erst mit Stift und Papier und geht niemals ohne aus dem Haus. Aber Marion ist noch viel mehr als Autorin, sie ist n\u00e4mlich auch Buchh\u00e4ndlerin und arbeitet im Buchpalast in M\u00fcnchen. Zum Schreiben kam sie durch Zufall &#8230;<\/p>\n\n\n\n<p><a href=\"https:\/\/open.spotify.com\/episode\/3QLEuTDLDQ5nOUKBegOJx3\">Folge 20<\/a> entspinnt sich zwischen Margit Ruile und Sabine Bohlmann. Sabine ist unser Multitalent. Sie hat geschauspielert, arbeitet als Synchron-Sprecherin, beherrscht viele Instrumente, und neuerdings auch die Beststeller-Listen. Wie findet sie ihre Geschichten? <\/p>\n\n\n\n<p><a href=\"https:\/\/open.spotify.com\/episode\/6k28WVQwjvha0kGyzLi45U\">Folge 20<\/a> (und es ist ein kleines bisschen Zeit vergangen) ist ein Gespr\u00e4ch zwischen <strong>Nina M\u00fcller<\/strong> und <strong>Gregor Wolf<\/strong>. Der ist sogar Doktor der \u00c4gyptologie, schreibt aber nicht \u00fcber Pharaonen, sondern lieber fantastische Abenteuer. Au\u00dferdem hat Gregor eine ganz klasse Vorlesestimme. <\/p>\n\n\n\n<p><\/p>\n","protected":false},"excerpt":{"rendered":"<p>In diesem Podcast sprechen wir Isarautoren \u00fcber B\u00fcchermenschen, Kinderb\u00fccher, Jugendb\u00fccher, das Schreiben, die Ideen, Worte, Verlage, Lesen und Vorlesen. Und wir wollen nat\u00fcrlich ganz viel wissen, \u00fcber die Menschen, die da mit uns die Suppe &hellip;<\/p>\n","protected":false},"author":1,"featured_media":0,"parent":0,"menu_order":0,"comment_status":"closed","ping_status":"closed","template":"","meta":[],"_links":{"self":[{"href":"https:\/\/isarautoren.de\/index.php\/wp-json\/wp\/v2\/pages\/436"}],"collection":[{"href":"https:\/\/isarautoren.de\/index.php\/wp-json\/wp\/v2\/pages"}],"about":[{"href":"https:\/\/isarautoren.de\/index.php\/wp-json\/wp\/v2\/types\/page"}],"author":[{"embeddable":true,"href":"https:\/\/isarautoren.de\/index.php\/wp-json\/wp\/v2\/users\/1"}],"replies":[{"embeddable":true,"href":"https:\/\/isarautoren.de\/index.php\/wp-json\/wp\/v2\/comments?post=436"}],"version-history":[{"count":24,"href":"https:\/\/isarautoren.de\/index.php\/wp-json\/wp\/v2\/pages\/436\/revisions"}],"predecessor-version":[{"id":714,"href":"https:\/\/isarautoren.de\/index.php\/wp-json\/wp\/v2\/pages\/436\/revisions\/714"}],"wp:attachment":[{"href":"https:\/\/isarautoren.de\/index.php\/wp-json\/wp\/v2\/media?parent=436"}],"curies":[{"name":"wp","href":"https:\/\/api.w.org\/{rel}","templated":true}]}}