{"id":6,"date":"2018-06-11T21:00:36","date_gmt":"2018-06-11T19:00:36","guid":{"rendered":"https:\/\/isarautoren.de\/?page_id=6"},"modified":"2023-01-30T18:28:14","modified_gmt":"2023-01-30T17:28:14","slug":"unsere-lieblingsbuchhaendler","status":"publish","type":"page","link":"https:\/\/isarautoren.de\/index.php\/unsere-lieblingsbuchhaendler\/","title":{"rendered":"Unsere Lieblingsbuchmenschen"},"content":{"rendered":"<p><em>Wir lieben M\u00fcnchen und die M\u00fcnchner Buchhandlungen. Deshalb wollen wir hier die unser Meinung nach allerbesten Buchmenschen vorstellen.<\/em><\/p>\n<ul>\n<li><strong>Manuela Harms<\/strong> und ihr Team von <a href=\"https:\/\/buchladen-vaterstetten.buchhandlung.de\/shop\/\">Der Buchladen<\/a> in Vaterstetten schaffen es mit ihrer wunderbaren Auswahl an B\u00fcchern, anderen sch\u00f6nen Dingen rund ums Buch, ihren Empfehlungen und ihren liebevoll organisierten Lesungen schon seit vielen Jahren, dass sich der Buchladen vor den Toren M\u00fcnchens wie ein Buchladen anf\u00fchlt, der mitten im quirligen Leben einer Gro\u00dfstadt ist. (Schwalbenstra\u00dfe 4, Tipp von Juliane Breinl)<\/li>\n<li><strong>Katharina Lemling<\/strong> von der <a href=\"http:\/\/www.lehmkuhl.net\/\">Buchhandlung Lehmkuhl<\/a> in M\u00fcnchen macht Schwabing zu einem Dorf. Sie scheint wirklich jeden zu kennen und selbst wenn man sich erst nach drei Jahren und nach nur einer fl\u00fcchtigen Begegnung wieder sieht, wird man mit Namen angesprochen.\u00a0 Das f\u00fchlt sich an wie Familie. (Leopoldstra\u00dfe 45, M\u00fcnchen, Tipp von Anja Janotta und Margit Ruile)<\/li>\n<li><strong>Martina Prietz<\/strong> war lange Jahre in Gauting bei der <a href=\"http:\/\/kirchheim-buecher.de\/\">Buchhandlung Kirchheim<\/a> (auch sehr zu empfehlen in der Bahnhofstra\u00dfe 30), jetzt wirkt sie bei <a href=\"http:\/\/blattgold-literatur.shop-asp.de\/shop\/action\/?aUrl=90009292\">Blattgold Literatur Moosach<\/a>. Ihren Empfehlungen ist immer zu trauen. (Bunzlauer Platz 7, M\u00fcnchen, Tipp von Anja Janotta, Blattgold empfiehlt \u00fcbrigens auch Janet Clark)<\/li>\n<li><strong>Ina Winkler<\/strong> und <strong>Rosemarie Hardenberg<\/strong> von der <a href=\"https:\/\/www.st-michaelsbund.de\/kontakt\/buchhandlung.html\">Buchhandlung Michaelsbund<\/a> hat nicht nur einen guten Lesegeschmack, den sowieso, sondern trifft auch mit der Musikauswahl ins Schwarze. Bei so viel guter Laune, bleibt man meistens l\u00e4nger als eigentlich beabsichtigt. Der Lesetraum, der zum Sankt Michaelsbund geh\u00f6rt, hat auch einen eigenen Leseclub f\u00fcr Kinder.\u00a0 (Herzog-Wilhelm-Stra\u00dfe 5, Tipp von Anja Janotta und Juliane Breinl)<\/li>\n<li><strong>Barbara Wei\u00df<\/strong> von der online-Buchhandlung<a href=\"http:\/\/www.libro-fantastico.de\"> libro fantastico<\/a> empfiehlt und verkauft ihre B\u00fccher online und bringt nebenbei die AutorInnen und LeserInnen im wahren Leben zusammen. Unersch\u00f6pflich ist ihr Engagement, Lesen zu einem erlebbaren Event zu machen, sei es durch Einzel-, Premieren-, Event-, Kindergarten- oder Schullesungen. Und dar\u00fcber hinaus ist sie eine kluge, belesene Frau, deren positive Ausstrahlung in der Seele gut tut. (Empfohlen von Janet Clark)<\/li>\n<li>B\u00fccher kaufe ich immer und \u00fcberall (nur nicht im Internet), aber am allerliebsten bei <a href=\"http:\/\/www.buchbohne.de\/\">Buch und Bohne<\/a> im Schlachthofviertel. Denn <strong>Marianna Geier<\/strong> macht nicht nur die besten Empfehlungen, sondern backt auch den besten Kuchen und hat das bequemste Biedermeiersofa der Buchwelt in ihrem zauberhaften Laden! (Kapuzinerplatz 4, Eingang H\u00e4berlstra\u00dfe, Annette Roeder)<\/li>\n<li><strong>Jutta Ederer<\/strong> von <a href=\"https:\/\/www.pustet.de\/shop\/magazine\/49330\/freising.html\">B\u00fccher Pustet<\/a>: Ich mag alle Buchhandlungen in Freising, aber besonders gern bin ich bei B\u00fccher Pustet von Jutta Ederer und ihrem Team.<br \/>\nMan kann gem\u00fctlich stundenlang sitzen und sich die neuesten Kinder- und Jugendb\u00fccher anschauen. (Und nat\u00fcrlich auch andere.) Oder man kann schnell reinsausen, sagen: &#8222;Ich brauche so oder so ein Buch (z.B. einen nicht zu brutalen, nicht zu banalen Krimi)&#8220;, und geht zehn Minuten sp\u00e4ter mit dem richtigen Buch wieder raus.<br \/>\nAu\u00dferdem gibt es sch\u00f6ne Veranstaltungen: Lesen\u00e4chte f\u00fcr Jugendliche und nat\u00fcrlich tolle Lesungen (ich erinnere mich besonders an Abbas Khider und Stewart O&#8217;Nan).<br \/>\nEine richtig sch\u00f6ne Buchhandlung. (Obere Hauptstra\u00dfe 45 85354 Freising)<br \/>\n(Tipp von Cornelia Neudert)<\/li>\n<li><strong>Karin Staisch<\/strong> von der <a href=\"http:\/\/autorenbuchhandlung.de\/\">Autorenbuchhandlung<\/a>, M\u00fcnchen, Wilhelmstra\u00dfe 41 (Tipp von Christine Paxmann).<\/li>\n<li><strong>Ellen Wei\u00df<\/strong> vom <a href=\"https:\/\/haidhauserbuchladen.de\/jugendbuchtipps\/\">Haidhauser Buchladen<\/a> engagiert sich besonders bei Kinderg\u00e4rten und ist mit einer schlauen Liste von Jugendbuch-Neuerscheinungen immer sofort zur Hand (Tipp von Anja Janotta).<\/li>\n<li><strong>Thomas Felber<\/strong> von der <a href=\"https:\/\/buchlentner.buchkatalog.de\">Buchhandlung Lentner<\/a> in der Balanstra\u00dfe 14 hat sich ein kleines Caf\u00e9 eingerichtet, denn wenn man schon &#8222;10 Stunden in der Buchhandlung ist, dann muss man sich wie zu Hause f\u00fchlen.&#8220; Eine tolle Auswahl an Neuerscheinungen und Backlist-B\u00fcchern f\u00fcr Kinder und Jugendliche ist in Haidhausen zu finden. \u00dcbrigens, es gibt noch zwei weitere Filialen der \u00fcber 320 Jahre alten Buchhandlung, eine am Marienplatz, eine in Neubiberg (Tipp von Anja Janotta).<\/li>\n<li><strong>Katrin R\u00fcger<\/strong> ist die Kinderbuchfrau im <a href=\"https:\/\/buchpalastmuenchen.de\/\">Buchpalast<\/a> (Kirchenstr. 5), die f\u00fcr begeisterte Eltern sorgt, denn auch der gr\u00f6\u00dfte Lesemuffel findet bei ihr zum Buch.<strong> Friederike Wagner<\/strong> leitet die Belletristik und w\u00e4hlt mit Freude ihre Palastsch\u00e4tze aus. Bereichert wird das Team von <strong>Marion H\u00fcbinger <\/strong>(auch Autorin), die sich in der Fantasy genauso zuhause f\u00fchlt wie im Krimi. Darum wissen die Stammkunden genau, wer f\u00fcr ihre Herzensb\u00fccher zust\u00e4ndig ist. (Tipp von Anja Janotta)<\/li>\n<li><strong>Melanie Hartmann<\/strong> und ihre neue Chefin <strong>Miriam Wenzel<\/strong> in der <a href=\"https:\/\/www.genialokal.de\/buchhandlung\/gilching\/leselust\/\">Leselust in Gilching<\/a> (Am Bahnhof 6) sind gro\u00dfe Liebhaber von Kinder- und Jugendliteratur und haben immer einen fabelhaften Tipp parat, was die jungen Leser:innen begeistern k\u00f6nnte. Gemeinsam organisieren sie Lesungen f\u00fcr die umliegenden Schulen und sind vor allem auch bei <a href=\"https:\/\/www.instagram.com\/leselust_gilching\/?hl=de\">Instagram<\/a> aktiv &#8211; und ihre Fangemeinde w\u00e4chst und w\u00e4chst. Zu Recht.\u00a0 (Tipp von Meike Haas und Anja Janotta)<\/li>\n<li><strong>Nicola Br\u00e4unling<\/strong> von der <a href=\"https:\/\/www.buchhandlung-braeunling.com\/\">Buchhandlung Br\u00e4unling<\/a> in Puchheim (Lochhauser Star\u00dfe 18) statten wir jedes Mal einen langen und herzlichen Besuch ab, wenn wir in der Gegend sind &#8211; denn Puchheim ist unglaublich aktiv in Sachen Kultur- und Literaturleben der Gemeinde (Puchheimer Leseb\u00fchne, eine Stadt liest ein Buch etc.). Klar, dass B\u00fccherei, Schulen, Kulturcentrum und Buchhandlung dabei eng zusammenarbeiten und so einiges an Programm, an Lesungen und weiteren Aktionen gemeinsam auskaspern. (Tipp von Nina M\u00fcller und Anja Janotta)<\/li>\n<\/ul>\n","protected":false},"excerpt":{"rendered":"<p>Wir lieben M\u00fcnchen und die M\u00fcnchner Buchhandlungen. Deshalb wollen wir hier die unser Meinung nach allerbesten Buchmenschen vorstellen. Manuela Harms und ihr Team von Der Buchladen in Vaterstetten schaffen es mit ihrer wunderbaren Auswahl an &hellip;<\/p>\n","protected":false},"author":1,"featured_media":0,"parent":0,"menu_order":0,"comment_status":"closed","ping_status":"closed","template":"","meta":[],"_links":{"self":[{"href":"https:\/\/isarautoren.de\/index.php\/wp-json\/wp\/v2\/pages\/6"}],"collection":[{"href":"https:\/\/isarautoren.de\/index.php\/wp-json\/wp\/v2\/pages"}],"about":[{"href":"https:\/\/isarautoren.de\/index.php\/wp-json\/wp\/v2\/types\/page"}],"author":[{"embeddable":true,"href":"https:\/\/isarautoren.de\/index.php\/wp-json\/wp\/v2\/users\/1"}],"replies":[{"embeddable":true,"href":"https:\/\/isarautoren.de\/index.php\/wp-json\/wp\/v2\/comments?post=6"}],"version-history":[{"count":17,"href":"https:\/\/isarautoren.de\/index.php\/wp-json\/wp\/v2\/pages\/6\/revisions"}],"predecessor-version":[{"id":806,"href":"https:\/\/isarautoren.de\/index.php\/wp-json\/wp\/v2\/pages\/6\/revisions\/806"}],"wp:attachment":[{"href":"https:\/\/isarautoren.de\/index.php\/wp-json\/wp\/v2\/media?parent=6"}],"curies":[{"name":"wp","href":"https:\/\/api.w.org\/{rel}","templated":true}]}}