{"id":715,"date":"2022-10-12T14:21:11","date_gmt":"2022-10-12T12:21:11","guid":{"rendered":"https:\/\/isarautoren.de\/?page_id=715"},"modified":"2023-04-02T15:13:43","modified_gmt":"2023-04-02T13:13:43","slug":"unser-bergbuch","status":"publish","type":"page","link":"https:\/\/isarautoren.de\/index.php\/unser-bergbuch\/","title":{"rendered":"Unser Buch"},"content":{"rendered":"\n<p><\/p>\n\n\n<div class=\"wp-block-image\">\n<figure class=\"alignleft is-resized\"><img decoding=\"async\" loading=\"lazy\" src=\"https:\/\/isarautoren.de\/wp-content\/uploads\/2022\/10\/komm-mit-in-die-Berge.png\" alt=\"\" class=\"wp-image-716\" width=\"289\" height=\"410\" srcset=\"https:\/\/isarautoren.de\/wp-content\/uploads\/2022\/10\/komm-mit-in-die-Berge.png 606w, https:\/\/isarautoren.de\/wp-content\/uploads\/2022\/10\/komm-mit-in-die-Berge-211x300.png 211w\" sizes=\"(max-width: 289px) 100vw, 289px\" \/><figcaption class=\"wp-element-caption\">Erscheint am 21. M\u00e4rz 2023<\/figcaption><\/figure><\/div>\n\n\n<p>+++ <strong>ACHTUNG!!!! Wir lesen vor, am 23. April 2023 ab 11 Uhr in der Seidl-Villa in M\u00fcnchen<\/strong> <strong>(s.u.)<\/strong> +++ <\/p>\n\n\n\n<p>&#8222;Komm mit in die Berge&#8220; &#8211; unter dem Motto haben 25 IsarautorInnen gemeinsam 25 erstaunliche, lustige und abenteuerliche Berggeschichten geschrieben. Unser Buch ist am 21. M\u00e4rz 2023 bei HarperCollins (Schneiderbuch) erschienen. <\/p>\n\n\n<div class=\"wp-block-image\">\n<figure class=\"alignright\"><img decoding=\"async\" loading=\"lazy\" width=\"250\" height=\"320\" src=\"https:\/\/isarautoren.de\/wp-content\/uploads\/2022\/10\/Nina_klein.jpg\" alt=\"\" class=\"wp-image-752\" srcset=\"https:\/\/isarautoren.de\/wp-content\/uploads\/2022\/10\/Nina_klein.jpg 250w, https:\/\/isarautoren.de\/wp-content\/uploads\/2022\/10\/Nina_klein-234x300.jpg 234w\" sizes=\"(max-width: 250px) 100vw, 250px\" \/><figcaption class=\"wp-element-caption\">Die fantastische Illustratorin Nina M\u00fcller.<\/figcaption><\/figure><\/div>\n\n\n<p>Die fantastischen Illustrationen &#8211; allesamt vierfarbig &#8211; stammen von unserer wundervollen Kollegin Nina M\u00fcller (genau, die Erfinderin der &#8222;Kuschelflosse&#8220;).<\/p>\n\n\n\n<p>Darin wird geklettert und gekraxelt, selbstverst\u00e4ndlich auch ausf\u00fchrlich gerastet; es gibt Gipfelgl\u00fcck, eine Nacht in den Bergen \u2013 und am Ende geht es gl\u00fccklich und zufrieden mit einem Rucksack voller Erlebnisse zur\u00fcck ins Tal. 25 Autorinnen und Autoren erz\u00e4hlen in 25 Geschichten und Gedichten von Gipfelst\u00fcrmern und geheimnisvollen Wolkenwesen, von murmelnden Tieren und winzigen Berghexen. Denn ob Sommer oder Winter: In den Bergen wird es niemals langweilig. Schon gar nicht mit einem Vorlesebuch voller Berggefl\u00fcster.<\/p>\n\n\n\n<p>Das Familien-Vorlesebuch f\u00fcr den Urlaub in den Bergen ist f\u00fcr Kinder von 4 bis 9 Jahren gedacht. Fantastisch, abenteuerlich, lustig \u2013 f\u00fcr jedes Kind ist etwas dabei!<\/p>\n\n\n\n<p>\u00dcbrigens, das sind die flei\u00dfigen Bergg\u00e4nger:<\/p>\n\n\n<div class=\"wp-block-image\">\n<figure class=\"aligncenter size-full is-resized\"><img decoding=\"async\" loading=\"lazy\" src=\"https:\/\/isarautoren.de\/wp-content\/uploads\/2022\/10\/isarautoren-Gruppenfoto-newsletter.jpg\" alt=\"\" class=\"wp-image-725\" width=\"590\" height=\"380\" srcset=\"https:\/\/isarautoren.de\/wp-content\/uploads\/2022\/10\/isarautoren-Gruppenfoto-newsletter.jpg 590w, https:\/\/isarautoren.de\/wp-content\/uploads\/2022\/10\/isarautoren-Gruppenfoto-newsletter-300x193.jpg 300w\" sizes=\"(max-width: 590px) 100vw, 590px\" \/><figcaption class=\"wp-element-caption\">Die Isarautoren: (Reihe oben von links nach rechts) Milly Mille, Sabrina J. Kirschner, Eva Schatz, Michaela Hanauer, Elke Satzger, Anne Schiekel, Heike Nieder, Silke Schellhammer, Gregor Wolf, Anja Janotta; (Reihe Mitte von links nach rechts) Silke Wolfrum, Gundi Herget, Martina Baumbach, Wiebke Rhodius, Juliane Breinl, Meike Haas, Margit Ruile, Petra Breuer; (vorne): Olga, Christine Paxmann und Sabine Bohlmann. Nicht im Bild, aber im Buch dabei: Marianne Loibl, Oliver P\u00f6tzsch, Marion H\u00fcbinger, Tine Ziegler, Nina M\u00fcller und Cee Neudert<\/figcaption><\/figure><\/div>\n\n\n<p><a href=\"https:\/\/isarautoren.de\/wp-content\/uploads\/2023\/03\/Pressemitteilung_Isarautoren_Komm_mit_in_die_Berge.pdf\">Hier ist die Pressemitteilung der Isarautoren.<\/a><\/p>\n\n\n<div class=\"wp-block-image\">\n<figure class=\"aligncenter size-large is-resized\"><img decoding=\"async\" loading=\"lazy\" src=\"https:\/\/isarautoren.de\/wp-content\/uploads\/2023\/04\/Berglesung_Bild-1024x640.jpg\" alt=\"\" class=\"wp-image-864\" width=\"716\" height=\"448\" srcset=\"https:\/\/isarautoren.de\/wp-content\/uploads\/2023\/04\/Berglesung_Bild-1024x640.jpg 1024w, https:\/\/isarautoren.de\/wp-content\/uploads\/2023\/04\/Berglesung_Bild-300x187.jpg 300w, https:\/\/isarautoren.de\/wp-content\/uploads\/2023\/04\/Berglesung_Bild-768x480.jpg 768w, https:\/\/isarautoren.de\/wp-content\/uploads\/2023\/04\/Berglesung_Bild-1536x959.jpg 1536w, https:\/\/isarautoren.de\/wp-content\/uploads\/2023\/04\/Berglesung_Bild-2048x1279.jpg 2048w, https:\/\/isarautoren.de\/wp-content\/uploads\/2023\/04\/Berglesung_Bild-840x525.jpg 840w, https:\/\/isarautoren.de\/wp-content\/uploads\/2023\/04\/Berglesung_Bild-280x175.jpg 280w, https:\/\/isarautoren.de\/wp-content\/uploads\/2023\/04\/Berglesung_Bild-600x375.jpg 600w\" sizes=\"(max-width: 716px) 100vw, 716px\" \/><figcaption class=\"wp-element-caption\">Die Isarautoren bei der Premierenlesung auf der M\u00fcnchner B\u00fccherschau Junior.<\/figcaption><\/figure><\/div>\n\n<div class=\"wp-block-image\">\n<figure class=\"aligncenter size-large is-resized\"><img decoding=\"async\" loading=\"lazy\" src=\"https:\/\/isarautoren.de\/wp-content\/uploads\/2023\/04\/mail_FLYER_lesung_seidlvilla_april23-724x1024.jpg\" alt=\"\" class=\"wp-image-866\" width=\"512\" height=\"724\" srcset=\"https:\/\/isarautoren.de\/wp-content\/uploads\/2023\/04\/mail_FLYER_lesung_seidlvilla_april23-724x1024.jpg 724w, https:\/\/isarautoren.de\/wp-content\/uploads\/2023\/04\/mail_FLYER_lesung_seidlvilla_april23-212x300.jpg 212w, https:\/\/isarautoren.de\/wp-content\/uploads\/2023\/04\/mail_FLYER_lesung_seidlvilla_april23-768x1086.jpg 768w, https:\/\/isarautoren.de\/wp-content\/uploads\/2023\/04\/mail_FLYER_lesung_seidlvilla_april23-1086x1536.jpg 1086w, https:\/\/isarautoren.de\/wp-content\/uploads\/2023\/04\/mail_FLYER_lesung_seidlvilla_april23.jpg 1240w\" sizes=\"(max-width: 512px) 100vw, 512px\" \/><\/figure><\/div>","protected":false},"excerpt":{"rendered":"<p>+++ ACHTUNG!!!! Wir lesen vor, am 23. April 2023 ab 11 Uhr in der Seidl-Villa in M\u00fcnchen (s.u.) +++ &#8222;Komm mit in die Berge&#8220; &#8211; unter dem Motto haben 25 IsarautorInnen gemeinsam 25 erstaunliche, lustige &hellip;<\/p>\n","protected":false},"author":1,"featured_media":0,"parent":0,"menu_order":0,"comment_status":"closed","ping_status":"closed","template":"","meta":[],"_links":{"self":[{"href":"https:\/\/isarautoren.de\/index.php\/wp-json\/wp\/v2\/pages\/715"}],"collection":[{"href":"https:\/\/isarautoren.de\/index.php\/wp-json\/wp\/v2\/pages"}],"about":[{"href":"https:\/\/isarautoren.de\/index.php\/wp-json\/wp\/v2\/types\/page"}],"author":[{"embeddable":true,"href":"https:\/\/isarautoren.de\/index.php\/wp-json\/wp\/v2\/users\/1"}],"replies":[{"embeddable":true,"href":"https:\/\/isarautoren.de\/index.php\/wp-json\/wp\/v2\/comments?post=715"}],"version-history":[{"count":23,"href":"https:\/\/isarautoren.de\/index.php\/wp-json\/wp\/v2\/pages\/715\/revisions"}],"predecessor-version":[{"id":868,"href":"https:\/\/isarautoren.de\/index.php\/wp-json\/wp\/v2\/pages\/715\/revisions\/868"}],"wp:attachment":[{"href":"https:\/\/isarautoren.de\/index.php\/wp-json\/wp\/v2\/media?parent=715"}],"curies":[{"name":"wp","href":"https:\/\/api.w.org\/{rel}","templated":true}]}}